{"id":2,"date":"2025-04-26T09:21:12","date_gmt":"2025-04-26T09:21:12","guid":{"rendered":"https:\/\/tapusorgu.com\/?page_id=2"},"modified":"2026-04-14T15:39:58","modified_gmt":"2026-04-14T12:39:58","slug":"web-tapu-randevu","status":"publish","type":"page","link":"https:\/\/tapusorgu.com\/?page_id=2","title":{"rendered":"Webtapu Tapu Randevu"},"content":{"rendered":"\n<p>Gayrimenkul al\u0131m ve sat\u0131m i\u015flemleriniz i\u00e7in bize dan\u0131\u015fabilirsiniz.<br><br>1. Gayrimenkul satarken do\u011fru fiyat ve h\u0131zl\u0131 sonu\u00e7 i\u00e7in,<br>2. Gayrimenkul\u00fcn\u00fcz\u00fc de\u011ferinin alt\u0131nda satmamak i\u00e7in,<br>3. Gayrimenkul al\u0131rken de\u011ferinin \u00fczerinde bir fiyata almamak i\u00e7in,<br>4. Tapusu veya ge\u00e7mi\u015fi problemi bir gayrimenkul sat\u0131n alarak sonradan u\u011fra\u015fmamak i\u00e7in,<br>5. Y\u00fcksek masrafl\u0131 bir gayrimenkul almamak i\u00e7in,<br>6. \u015eimdilik \u0130stanbul ve Ankara&#8217;da be\u011fendi\u011finiz gayrimenkule uzaktan ekspertiz yapt\u0131rmak i\u00e7in,<br>7. En karl\u0131 gayrimenkul yat\u0131r\u0131m\u0131n\u0131 yapm\u0131\u015f olmak i\u00e7in <\/p>\n\n\n\n<p>Bize dan\u0131\u015fabilirsiniz.<\/p>\n\n\n\n<figure class=\"wp-block-image size-full is-resized\"><img loading=\"lazy\" decoding=\"async\" width=\"470\" height=\"100\" src=\"https:\/\/tapusorgu.com\/wp-content\/uploads\/2025\/04\/TAPUSORGU-LOGO1-DAR.png\" alt=\"\" class=\"wp-image-15\" style=\"width:205px;height:auto\" srcset=\"https:\/\/tapusorgu.com\/wp-content\/uploads\/2025\/04\/TAPUSORGU-LOGO1-DAR.png 470w, https:\/\/tapusorgu.com\/wp-content\/uploads\/2025\/04\/TAPUSORGU-LOGO1-DAR-300x64.png 300w\" sizes=\"auto, (max-width: 470px) 100vw, 470px\" \/><\/figure>\n\n\n\n<p>Gayrimenkul al\u0131m ve sat\u0131m i\u015flemleri i\u00e7in bizi aray\u0131n.<br>Telefon &amp; Whatsapp +90 850 888 85 50<br>Telefon &amp; Whatsapp +90 532 295 80 46<\/p>\n\n\n\n<p><\/p>\n","protected":false},"excerpt":{"rendered":"<p>Gayrimenkul al\u0131m ve sat\u0131m i\u015flemleriniz i\u00e7in bize dan\u0131\u015fabilirsiniz. 1. Gayrimenkul satarken do\u011fru fiyat ve h\u0131zl\u0131 sonu\u00e7 i\u00e7in,2. Gayrimenkul\u00fcn\u00fcz\u00fc de\u011ferinin alt\u0131nda satmamak i\u00e7in,3. Gayrimenkul al\u0131rken de\u011ferinin \u00fczerinde bir fiyata almamak i\u00e7in,4. Tapusu veya ge\u00e7mi\u015fi problemi bir gayrimenkul sat\u0131n alarak sonradan u\u011fra\u015fmamak i\u00e7in,5. Y\u00fcksek masrafl\u0131 bir gayrimenkul almamak i\u00e7in,6. \u015eimdilik \u0130stanbul ve Ankara&#8217;da be\u011fendi\u011finiz gayrimenkule uzaktan ekspertiz [&hellip;]<\/p>\n","protected":false},"author":1,"featured_media":0,"parent":0,"menu_order":0,"comment_status":"closed","ping_status":"closed","template":"","meta":{"footnotes":""},"class_list":["post-2","page","type-page","status-publish","hentry"],"_links":{"self":[{"href":"https:\/\/tapusorgu.com\/index.php?rest_route=\/wp\/v2\/pages\/2","targetHints":{"allow":["GET"]}}],"collection":[{"href":"https:\/\/tapusorgu.com\/index.php?rest_route=\/wp\/v2\/pages"}],"about":[{"href":"https:\/\/tapusorgu.com\/index.php?rest_route=\/wp\/v2\/types\/page"}],"author":[{"embeddable":true,"href":"https:\/\/tapusorgu.com\/index.php?rest_route=\/wp\/v2\/users\/1"}],"replies":[{"embeddable":true,"href":"https:\/\/tapusorgu.com\/index.php?rest_route=%2Fwp%2Fv2%2Fcomments&post=2"}],"version-history":[{"count":11,"href":"https:\/\/tapusorgu.com\/index.php?rest_route=\/wp\/v2\/pages\/2\/revisions"}],"predecessor-version":[{"id":97,"href":"https:\/\/tapusorgu.com\/index.php?rest_route=\/wp\/v2\/pages\/2\/revisions\/97"}],"wp:attachment":[{"href":"https:\/\/tapusorgu.com\/index.php?rest_route=%2Fwp%2Fv2%2Fmedia&parent=2"}],"curies":[{"name":"wp","href":"https:\/\/api.w.org\/{rel}","templated":true}]}}